{"id":414,"date":"2022-10-29T22:30:24","date_gmt":"2022-10-30T02:30:24","guid":{"rendered":"https:\/\/legatoarts.com\/?page_id=414"},"modified":"2023-08-07T00:33:26","modified_gmt":"2023-08-07T04:33:26","slug":"2022-2023-concerts","status":"publish","type":"page","link":"https:\/\/legatoarts.com\/index.php\/2022-2023-concerts\/","title":{"rendered":"2022 &#8211; 2023 Concerts"},"content":{"rendered":"<p><strong><img loading=\"lazy\" decoding=\"async\" class=\"size-medium wp-image-441 alignright\" src=\"https:\/\/legatoarts.com\/wp-content\/uploads\/2022\/10\/TobiasPalLegato11-10-22e-PHOTO-by-Stephen-Freiheit-1P6A3520-300x298.jpg\" alt=\"\" width=\"300\" height=\"298\" srcset=\"https:\/\/legatoarts.com\/wp-content\/uploads\/2022\/10\/TobiasPalLegato11-10-22e-PHOTO-by-Stephen-Freiheit-1P6A3520-300x298.jpg 300w, https:\/\/legatoarts.com\/wp-content\/uploads\/2022\/10\/TobiasPalLegato11-10-22e-PHOTO-by-Stephen-Freiheit-1P6A3520-1024x1016.jpg 1024w, https:\/\/legatoarts.com\/wp-content\/uploads\/2022\/10\/TobiasPalLegato11-10-22e-PHOTO-by-Stephen-Freiheit-1P6A3520-150x150.jpg 150w, https:\/\/legatoarts.com\/wp-content\/uploads\/2022\/10\/TobiasPalLegato11-10-22e-PHOTO-by-Stephen-Freiheit-1P6A3520-768x762.jpg 768w, https:\/\/legatoarts.com\/wp-content\/uploads\/2022\/10\/TobiasPalLegato11-10-22e-PHOTO-by-Stephen-Freiheit-1P6A3520-1536x1524.jpg 1536w, https:\/\/legatoarts.com\/wp-content\/uploads\/2022\/10\/TobiasPalLegato11-10-22e-PHOTO-by-Stephen-Freiheit-1P6A3520-2048x2032.jpg 2048w, https:\/\/legatoarts.com\/wp-content\/uploads\/2022\/10\/TobiasPalLegato11-10-22e-PHOTO-by-Stephen-Freiheit-1P6A3520-940x933.jpg 940w, https:\/\/legatoarts.com\/wp-content\/uploads\/2022\/10\/TobiasPalLegato11-10-22e-PHOTO-by-Stephen-Freiheit-1P6A3520-403x400.jpg 403w\" sizes=\"auto, (max-width: 300px) 100vw, 300px\" \/><a href=\"https:\/\/www.carnegiehall.org\/Calendar\/2022\/11\/10\/Tobias-van-der-Pals-Cello-Pal-Eide-Piano-0800PM\" target=\"_blank\" rel=\"noreferrer noopener\">Thursday, November 10, 8 pm, 2022<\/a><\/strong><strong> <br \/>Weill Recital Hall at Carnegie Hall <br \/><a href=\"https:\/\/www.tobiasvanderpals.com\/\">Tobias van der Pals<\/a>, <\/strong><em>Cello<\/em><strong> <br \/><a href=\"https:\/\/koncertpianist.dk\/wp\/\">P\u00e5l Eide<\/a>, <\/strong><em>Piano<\/em> <br \/><br \/><strong> Leopold van der Pals<\/strong> (1884-1966)<strong>:<\/strong>\u00a0 World Premiere &#8211; Sonata, Op. 5a for Cello and Piano <br \/><strong>Gli\u00e8re:<\/strong>\u00a0 Con Moto in E Major, Op. 51, No. 1 from Twelve Pieces <br \/><strong>Glazunov:<\/strong>\u00a0 Chant du m\u00e9nestrel, Op. 71 <br \/><strong>Tchaikovsky:<\/strong>\u00a0 Pezzo capriccioso, Op. 62 <br \/><strong>Rachmaninoff:<\/strong>\u00a0 Sonata in G minor, Op. 19<\/p>\r\n<hr \/>\r\n<p><img loading=\"lazy\" decoding=\"async\" class=\" wp-image-428 alignright\" src=\"https:\/\/legatoarts.com\/wp-content\/uploads\/2022\/10\/Queiroz-Scopel11-12-22m-300x300.jpg\" alt=\"\" width=\"282\" height=\"282\" srcset=\"https:\/\/legatoarts.com\/wp-content\/uploads\/2022\/10\/Queiroz-Scopel11-12-22m-300x300.jpg 300w, https:\/\/legatoarts.com\/wp-content\/uploads\/2022\/10\/Queiroz-Scopel11-12-22m-1024x1024.jpg 1024w, https:\/\/legatoarts.com\/wp-content\/uploads\/2022\/10\/Queiroz-Scopel11-12-22m-150x150.jpg 150w, https:\/\/legatoarts.com\/wp-content\/uploads\/2022\/10\/Queiroz-Scopel11-12-22m-768x768.jpg 768w, https:\/\/legatoarts.com\/wp-content\/uploads\/2022\/10\/Queiroz-Scopel11-12-22m-1536x1536.jpg 1536w, https:\/\/legatoarts.com\/wp-content\/uploads\/2022\/10\/Queiroz-Scopel11-12-22m-940x940.jpg 940w, https:\/\/legatoarts.com\/wp-content\/uploads\/2022\/10\/Queiroz-Scopel11-12-22m-400x400.jpg 400w, https:\/\/legatoarts.com\/wp-content\/uploads\/2022\/10\/Queiroz-Scopel11-12-22m.jpg 1945w\" sizes=\"auto, (max-width: 282px) 100vw, 282px\" \/><a href=\"https:\/\/www.carnegiehall.org\/Calendar\/2022\/11\/12\/Gabriela-Queiroz-Violin-Aleyson-Scopel-Piano-0200PM\" target=\"_blank\" rel=\"noreferrer noopener\"><strong>Saturday, November 12, 2 pm, 2022<\/strong><\/a> <br \/><strong>Weill Recital Hall<\/strong> at Carnegie Hall <strong><br \/><a href=\"https:\/\/musica.ufrj.br\/index.php\/gestao\/docentes\/professor\/55\">Gabriela Queiroz<\/a>, <\/strong><em>Violin <\/em><strong><br \/><a href=\"https:\/\/www.aleysonscopel.com\/\">Aleyson Scopel<\/a>, <\/strong><em>Piano <\/em> <strong><!-- \/wp:paragraph -->\r\n\r\n<!-- wp:paragraph --><\/strong><\/p>\r\n<!-- \/wp:paragraph -->\r\n\r\n<!-- wp:paragraph {\"fontSize\":\"medium\"} --><!-- \/wp:paragraph -->\r\n\r\n<!-- wp:paragraph -->\r\n<p><strong>Beethoven<\/strong>:\u00a0 Violin Sonata No. 10 in G Major, Op. 96<br \/><strong>Grieg<\/strong>:\u00a0 Sonata No. 3 in C minor, Op. 45<br \/><strong>Villa-Lobos<\/strong>:\u00a0 Sonate-Fantasia No. 1, &#8220;D\u00e9sesp\u00e9rance&#8221;<br \/><strong>Almeida Prado<\/strong>:\u00a0 Sonata No. 2 for Violin and Piano<br \/><br \/><br \/><\/p>\r\n<hr \/>\r\n<p><img loading=\"lazy\" decoding=\"async\" class=\" wp-image-165 alignright\" src=\"https:\/\/legatoarts.com\/wp-content\/uploads\/2020\/02\/RPark-3-30-20ew-300x300.jpg\" alt=\"\" width=\"279\" height=\"279\" srcset=\"https:\/\/legatoarts.com\/wp-content\/uploads\/2020\/02\/RPark-3-30-20ew-300x300.jpg 300w, https:\/\/legatoarts.com\/wp-content\/uploads\/2020\/02\/RPark-3-30-20ew-150x150.jpg 150w, https:\/\/legatoarts.com\/wp-content\/uploads\/2020\/02\/RPark-3-30-20ew-768x768.jpg 768w, https:\/\/legatoarts.com\/wp-content\/uploads\/2020\/02\/RPark-3-30-20ew-1024x1024.jpg 1024w, https:\/\/legatoarts.com\/wp-content\/uploads\/2020\/02\/RPark-3-30-20ew-940x940.jpg 940w, https:\/\/legatoarts.com\/wp-content\/uploads\/2020\/02\/RPark-3-30-20ew-400x400.jpg 400w, https:\/\/legatoarts.com\/wp-content\/uploads\/2020\/02\/RPark-3-30-20ew.jpg 1200w\" sizes=\"auto, (max-width: 279px) 100vw, 279px\" \/><a href=\"https:\/\/www.carnegiehall.org\/Calendar\/2023\/03\/13\/Rachel-Kye-Jung-Park-Piano-0800PM\" target=\"_blank\" rel=\"noreferrer noopener\"><strong>Monday, March 13, 8 pm, 2023<\/strong><\/a><br \/><strong>Weill Recital Hall<\/strong> at Carnegie Hall <strong><br \/><a href=\"https:\/\/www.pianopark.us\/\" target=\"_blank\" rel=\"noopener noreferrer\">Rachel Kye Jung Park<\/a><a href=\"http:\/\/www.ivanzenaty.com\/\" target=\"_blank\" rel=\"noreferrer noopener\">,<\/a><\/strong>\u00a0<em>Piano<\/em> <strong><!-- \/wp:paragraph -->\r\n\r\n<!-- wp:paragraph --><\/strong><\/p>\r\n<!-- \/wp:image -->\r\n\r\n<!-- wp:paragraph -->\r\n<p><strong>M.W. Johann Kim<\/strong>:\u00a0 <em>12 heilige Glockenkl\u00e4nge f\u00fcr Kl\u00e4vier<br \/><\/em> <strong>Beethoven<\/strong>:\u00a0\u00a0Sonata No. 30 in E Major, Op. 109 <br \/><strong>Chopin<\/strong>:\u00a0\u00a0Ballade No. 1 in G minor, Op. 23 <br \/><em><small>Arr.<\/small><\/em> <strong>Rachel Park<\/strong>:\u00a0 Arirang<br \/><br \/><br \/><br \/><\/p>\r\n<!-- wp:paragraph -->\r\n\r\n<!-- wp:paragraph --><hr \/><!-- \/wp:paragraph -->\r\n\r\n<!-- wp:paragraph -->\r\n<p><a href=\"https:\/\/www.carnegiehall.org\/Calendar\/2023\/03\/20\/Ensemble-MidtVest-0800PM\" target=\"_blank\" rel=\"noreferrer noopener\"><strong><img loading=\"lazy\" decoding=\"async\" class=\"size-medium wp-image-503 alignright\" src=\"https:\/\/legatoarts.com\/wp-content\/uploads\/2022\/10\/Ensemble-MidtVest_18-19_Foto-by-Caroline-Bittencourt-300x198.jpg\" alt=\"\" width=\"300\" height=\"198\" srcset=\"https:\/\/legatoarts.com\/wp-content\/uploads\/2022\/10\/Ensemble-MidtVest_18-19_Foto-by-Caroline-Bittencourt-300x198.jpg 300w, https:\/\/legatoarts.com\/wp-content\/uploads\/2022\/10\/Ensemble-MidtVest_18-19_Foto-by-Caroline-Bittencourt-1024x676.jpg 1024w, https:\/\/legatoarts.com\/wp-content\/uploads\/2022\/10\/Ensemble-MidtVest_18-19_Foto-by-Caroline-Bittencourt-768x507.jpg 768w, https:\/\/legatoarts.com\/wp-content\/uploads\/2022\/10\/Ensemble-MidtVest_18-19_Foto-by-Caroline-Bittencourt-1536x1013.jpg 1536w, https:\/\/legatoarts.com\/wp-content\/uploads\/2022\/10\/Ensemble-MidtVest_18-19_Foto-by-Caroline-Bittencourt-2048x1351.jpg 2048w, https:\/\/legatoarts.com\/wp-content\/uploads\/2022\/10\/Ensemble-MidtVest_18-19_Foto-by-Caroline-Bittencourt-940x620.jpg 940w, https:\/\/legatoarts.com\/wp-content\/uploads\/2022\/10\/Ensemble-MidtVest_18-19_Foto-by-Caroline-Bittencourt-606x400.jpg 606w\" sizes=\"auto, (max-width: 300px) 100vw, 300px\" \/>Monday, March 20, 8 pm, 2022<\/strong><\/a> <br \/><strong>Weill Recital Hall<\/strong> at Carnegie Hall <strong><br \/><a href=\"https:\/\/emv.dk\/en\/\" target=\"_blank\" rel=\"noopener noreferrer\">Ensemble MidtVest<\/a><\/strong> <strong><!-- \/wp:paragraph -->\r\n\r\n<!-- wp:paragraph --><\/strong><\/p>\r\n<!-- \/wp:paragraph -->\r\n\r\n<!-- wp:paragraph -->\r\n<p><strong>Mozart:<\/strong>\u00a0 Quintet for Piano and Winds in E-flat Major, K.452 <br \/><strong>Bent S\u00f8rensen:<\/strong>\u00a0 New Work Written Especially <br \/>\u00a0 for Ensemble MidtVest <br \/><strong>Mozart:<\/strong>\u00a0 Flute Quartet in C major, K.Anh.171\/285b <br \/><strong>Dohn\u00e1nyi:<\/strong>\u00a0 Sextet in C major, Op. 37<\/p>\r\n<!-- \/wp:paragraph -->\r\n\r\n<!-- wp:paragraph --><hr \/>\r\n<p><strong><img loading=\"lazy\" decoding=\"async\" class=\"wp-image-430 size-medium alignright\" src=\"https:\/\/legatoarts.com\/wp-content\/uploads\/2022\/10\/ZoeAmir-300x265.jpg\" alt=\"\" width=\"300\" height=\"265\" srcset=\"https:\/\/legatoarts.com\/wp-content\/uploads\/2022\/10\/ZoeAmir-300x265.jpg 300w, https:\/\/legatoarts.com\/wp-content\/uploads\/2022\/10\/ZoeAmir-768x679.jpg 768w, https:\/\/legatoarts.com\/wp-content\/uploads\/2022\/10\/ZoeAmir-940x831.jpg 940w, https:\/\/legatoarts.com\/wp-content\/uploads\/2022\/10\/ZoeAmir-453x400.jpg 453w, https:\/\/legatoarts.com\/wp-content\/uploads\/2022\/10\/ZoeAmir.jpg 973w\" sizes=\"auto, (max-width: 300px) 100vw, 300px\" \/><\/strong><a href=\"https:\/\/www.carnegiehall.org\/Calendar\/2023\/04\/12\/Zoe-Knighton-Cello-Amir-Farid-Piano-0800PM\" target=\"_blank\" rel=\"noreferrer noopener\"><strong>Wednesday, April 12, 8 pm, 2023<\/strong><\/a> <br \/><strong>Weill Recital Hall<\/strong> at Carnegie Hall <strong><br \/><a href=\"http:\/\/www.move.com.au\/artist\/zoe-knighton\" target=\"_blank\" rel=\"noopener noreferrer\">Zoe Knighton<\/a>,<\/strong> <em>Cello <\/em><strong><br \/><a href=\"http:\/\/www.amirfarid.com\/\" target=\"_blank\" rel=\"noopener noreferrer\">Amir Farid<\/a>, <\/strong><em>Piano <br \/>with Special Guest <\/em><strong><a href=\"https:\/\/www.lloydvanthoff.com\/\">Lloyd Van\u2019t Hoff<\/a>,<\/strong> <em>Clarinet <\/em> <strong><!-- \/wp:paragraph -->\r\n\r\n<!-- wp:paragraph --><\/strong><\/p>\r\n<!-- \/wp:paragraph -->\r\n\r\n<!-- wp:paragraph -->\r\n<p><strong>Sarah Hopkins<\/strong>:\u00a0\u00a0Reclaiming the Spirit with Solo Cello <br \/><strong>Clara Schumann<\/strong>:\u00a0 Three poems from R\u00fcckert\u2019s \u201cLove Spring\u201d transcribed for Cello and Piano<br \/><strong>Bernstein<\/strong>:\u00a0 Clarinet Sonata<br \/><strong>Brahms<\/strong>:\u00a0 Trio in A minor Op. 114 <br \/><strong>Nick Marks<\/strong>:\u00a0 Trio for clarinet, cello and piano<strong><em><!-- wp:paragraph --><\/em><\/strong><\/p>\r\n<!-- \/wp:paragraph -->\r\n\r\n<!-- wp:paragraph --><!-- \/wp:paragraph -->\r\n\r\n<!-- wp:paragraph --><!-- \/wp:paragraph -->\r\n\r\n<!-- wp:separator --><!-- \/wp:paragraph -->\r\n\r\n<!-- wp:paragraph --><!-- \/wp:paragraph -->\r\n\r\n<!-- wp:paragraph --><!-- \/wp:paragraph -->\r\n\r\n<!-- wp:paragraph --><!-- \/wp:paragraph -->\r\n\r\n<!-- wp:separator -->\r\n<div class=\"kno-ecr-pt PZPZlf gsmt i8lZMc\" data-local-attribute=\"d3bn\" data-attrid=\"title\" data-ved=\"2ahUKEwjhg4Tlp7jnAhUBHs0KHZD3A7YQ3B0oATAZegQIERAM\"><!-- \/wp:paragraph --><hr \/><\/div>\r\n<!-- \/wp:paragraph -->\r\n\r\n<!-- wp:separator -->\r\n<p style=\"text-align: center;\"><em>Artists and Repertoire are Subject to Change.<\/em><\/p>\r\n<!-- wp:image -->\r\n<figure class=\"wp-block-image\"><\/figure>\r\n<!-- \/wp:image -->\r\n\r\n<!-- wp:image {\"align\":\"left\"} --><!-- \/wp:image -->\r\n\r\n<!-- wp:media-text --><!-- \/wp:media-text -->\r\n\r\n<!-- wp:media-text --><!-- \/wp:media-text -->\r\n\r\n<!-- wp:media-text {\"mediaPosition\":\"right\",\"mediaId\":186,\"mediaLink\":\"https:\/\/legatoarts.com\/index.php\/2021-2022-concerts\/sello\/\",\"mediaType\":\"image\",\"mediaWidth\":27} --><!-- \/wp:media-text -->","protected":false},"excerpt":{"rendered":"<p>Thursday, November 10, 8 pm, 2022 Weill Recital Hall at Carnegie Hall Tobias van der Pals, Cello P\u00e5l Eide, Piano Leopold van der Pals (1884-1966):\u00a0 World Premiere &#8211; Sonata, Op. 5a for Cello and Piano&hellip; <a href=\"https:\/\/legatoarts.com\/index.php\/2022-2023-concerts\/\">More<\/a><\/p>\n","protected":false},"author":1,"featured_media":0,"parent":0,"menu_order":0,"comment_status":"closed","ping_status":"closed","template":"","meta":{"footnotes":""},"class_list":["post-414","page","type-page","status-publish","hentry"],"_links":{"self":[{"href":"https:\/\/legatoarts.com\/index.php\/wp-json\/wp\/v2\/pages\/414","targetHints":{"allow":["GET"]}}],"collection":[{"href":"https:\/\/legatoarts.com\/index.php\/wp-json\/wp\/v2\/pages"}],"about":[{"href":"https:\/\/legatoarts.com\/index.php\/wp-json\/wp\/v2\/types\/page"}],"author":[{"embeddable":true,"href":"https:\/\/legatoarts.com\/index.php\/wp-json\/wp\/v2\/users\/1"}],"replies":[{"embeddable":true,"href":"https:\/\/legatoarts.com\/index.php\/wp-json\/wp\/v2\/comments?post=414"}],"version-history":[{"count":72,"href":"https:\/\/legatoarts.com\/index.php\/wp-json\/wp\/v2\/pages\/414\/revisions"}],"predecessor-version":[{"id":628,"href":"https:\/\/legatoarts.com\/index.php\/wp-json\/wp\/v2\/pages\/414\/revisions\/628"}],"wp:attachment":[{"href":"https:\/\/legatoarts.com\/index.php\/wp-json\/wp\/v2\/media?parent=414"}],"curies":[{"name":"wp","href":"https:\/\/api.w.org\/{rel}","templated":true}]}}